{"id":5653,"date":"2025-05-28T21:48:39","date_gmt":"2025-05-28T21:48:39","guid":{"rendered":"https:\/\/penthrox.ca\/?page_id=5653"},"modified":"2025-08-12T15:49:37","modified_gmt":"2025-08-12T15:49:37","slug":"home","status":"publish","type":"page","link":"https:\/\/penthrox.ca\/fr\/","title":{"rendered":"Home"},"content":{"rendered":"<div class=\"fusion-fullwidth fullwidth-box fusion-builder-row-1 fusion-flex-container has-pattern-background has-mask-background fusion-parallax-none nonhundred-percent-fullwidth non-hundred-percent-height-scrolling lazyload\" style=\"--awb-border-radius-top-left:0px;--awb-border-radius-top-right:0px;--awb-border-radius-bottom-right:0px;--awb-border-radius-bottom-left:0px;--awb-padding-bottom:150px;--awb-margin-top:0px;--awb-margin-bottom:0px;--awb-background-size:cover;--awb-flex-wrap:wrap;\" data-bg=\"https:\/\/penthrox.ca\/wp-content\/uploads\/2025\/05\/background-1024x577.png\" ><div class=\"fusion-builder-row fusion-row fusion-flex-align-items-center fusion-flex-justify-content-center fusion-flex-content-wrap\" style=\"max-width:1456px;margin-left: calc(-4% \/ 2 );margin-right: calc(-4% \/ 2 );\"><div class=\"fusion-layout-column fusion_builder_column fusion-builder-column-0 fusion_builder_column_1_1 1_1 fusion-flex-column\" style=\"--awb-bg-size:cover;--awb-width-large:100%;--awb-margin-top-large:0px;--awb-spacing-right-large:1.92%;--awb-margin-bottom-large:20px;--awb-spacing-left-large:1.92%;--awb-width-medium:100%;--awb-order-medium:0;--awb-spacing-right-medium:1.92%;--awb-spacing-left-medium:1.92%;--awb-width-small:100%;--awb-order-small:0;--awb-spacing-right-small:1.92%;--awb-spacing-left-small:1.92%;\"><div class=\"fusion-column-wrapper fusion-column-has-shadow fusion-flex-justify-content-flex-start fusion-content-layout-column\"><div class=\"fusion-text fusion-text-1\" style=\"--awb-content-alignment:right;\"><div class=\"fr_lang_btn\" style=\"text-align: right;\"><a style=\"color: #fff;\" href=\"https:\/\/penthrox.ca\">EN<\/a><\/div>\n<\/div><\/div><\/div><div class=\"fusion-layout-column fusion_builder_column fusion-builder-column-1 fusion_builder_column_1_1 1_1 fusion-flex-column fusion-flex-align-self-center\" style=\"--awb-bg-size:cover;--awb-width-large:100%;--awb-margin-top-large:0px;--awb-spacing-right-large:1.92%;--awb-margin-bottom-large:0px;--awb-spacing-left-large:1.92%;--awb-width-medium:100%;--awb-order-medium:0;--awb-spacing-right-medium:1.92%;--awb-spacing-left-medium:1.92%;--awb-width-small:100%;--awb-order-small:0;--awb-spacing-right-small:1.92%;--awb-spacing-left-small:1.92%;\" data-scroll-devices=\"small-visibility,medium-visibility,large-visibility\"><div class=\"fusion-column-wrapper fusion-column-has-shadow fusion-flex-justify-content-center fusion-content-layout-column\"><div class=\"fusion-builder-row fusion-builder-row-inner fusion-row fusion-flex-align-items-center fusion-flex-justify-content-center fusion-flex-content-wrap\" style=\"width:104% !important;max-width:104% !important;margin-left: calc(-4% \/ 2 );margin-right: calc(-4% \/ 2 );\"><div class=\"fusion-layout-column fusion_builder_column_inner fusion-builder-nested-column-0 fusion_builder_column_inner_1_2 1_2 fusion-flex-column\" style=\"--awb-bg-size:cover;--awb-width-large:50%;--awb-margin-top-large:0px;--awb-spacing-right-large:3.84%;--awb-margin-bottom-large:20px;--awb-spacing-left-large:3.84%;--awb-width-medium:100%;--awb-order-medium:0;--awb-spacing-right-medium:1.92%;--awb-spacing-left-medium:1.92%;--awb-width-small:100%;--awb-order-small:0;--awb-spacing-right-small:1.92%;--awb-spacing-left-small:1.92%;\"><div class=\"fusion-column-wrapper fusion-column-has-shadow fusion-flex-justify-content-flex-start fusion-content-layout-column\"><div class=\"fusion-image-element \" style=\"text-align:right;--awb-max-width:400px;--awb-caption-title-font-family:var(--h2_typography-font-family);--awb-caption-title-font-weight:var(--h2_typography-font-weight);--awb-caption-title-font-style:var(--h2_typography-font-style);--awb-caption-title-size:var(--h2_typography-font-size);--awb-caption-title-transform:var(--h2_typography-text-transform);--awb-caption-title-line-height:var(--h2_typography-line-height);--awb-caption-title-letter-spacing:var(--h2_typography-letter-spacing);\"><span class=\" fusion-imageframe imageframe-none imageframe-1 hover-type-none\"><img decoding=\"async\" width=\"678\" height=\"161\" title=\"PrPenthrox-Methoxy_F_RGB\" src=\"https:\/\/penthrox.ca\/wp-content\/uploads\/2025\/06\/PrPenthrox-Methoxy_F_RGB-1.png\" data-orig-src=\"https:\/\/penthrox.ca\/wp-content\/uploads\/2025\/06\/PrPenthrox-Methoxy_F_RGB-1.png\" alt class=\"lazyload img-responsive wp-image-5846\" srcset=\"data:image\/svg+xml,%3Csvg%20xmlns%3D%27http%3A%2F%2Fwww.w3.org%2F2000%2Fsvg%27%20width%3D%27678%27%20height%3D%27161%27%20viewBox%3D%270%200%20678%20161%27%3E%3Crect%20width%3D%27678%27%20height%3D%27161%27%20fill-opacity%3D%220%22%2F%3E%3C%2Fsvg%3E\" data-srcset=\"https:\/\/penthrox.ca\/wp-content\/uploads\/2025\/06\/PrPenthrox-Methoxy_F_RGB-1-200x47.png 200w, https:\/\/penthrox.ca\/wp-content\/uploads\/2025\/06\/PrPenthrox-Methoxy_F_RGB-1-400x95.png 400w, https:\/\/penthrox.ca\/wp-content\/uploads\/2025\/06\/PrPenthrox-Methoxy_F_RGB-1-600x142.png 600w, https:\/\/penthrox.ca\/wp-content\/uploads\/2025\/06\/PrPenthrox-Methoxy_F_RGB-1.png 678w\" data-sizes=\"auto\" data-orig-sizes=\"(max-width: 1024px) 100vw, (max-width: 640px) 100vw, 678px\" \/><\/span><\/div><\/div><\/div><div class=\"fusion-layout-column fusion_builder_column_inner fusion-builder-nested-column-1 fusion_builder_column_inner_1_2 1_2 fusion-flex-column\" style=\"--awb-bg-size:cover;--awb-width-large:50%;--awb-margin-top-large:0px;--awb-spacing-right-large:3.84%;--awb-margin-bottom-large:20px;--awb-spacing-left-large:3.84%;--awb-width-medium:100%;--awb-order-medium:0;--awb-spacing-right-medium:1.92%;--awb-spacing-left-medium:1.92%;--awb-width-small:100%;--awb-order-small:0;--awb-spacing-right-small:1.92%;--awb-spacing-left-small:1.92%;\"><div class=\"fusion-column-wrapper fusion-column-has-shadow fusion-flex-justify-content-flex-start fusion-content-layout-column\"><div class=\"fusion-image-element \" style=\"--awb-max-width:400px;--awb-caption-title-font-family:var(--h2_typography-font-family);--awb-caption-title-font-weight:var(--h2_typography-font-weight);--awb-caption-title-font-style:var(--h2_typography-font-style);--awb-caption-title-size:var(--h2_typography-font-size);--awb-caption-title-transform:var(--h2_typography-text-transform);--awb-caption-title-line-height:var(--h2_typography-line-height);--awb-caption-title-letter-spacing:var(--h2_typography-letter-spacing);\"><span class=\" fusion-imageframe imageframe-none imageframe-2 hover-type-none\"><img decoding=\"async\" width=\"1024\" height=\"477\" title=\"product_fr\" src=\"https:\/\/penthrox.ca\/wp-content\/uploads\/2025\/06\/product_fr.png\" data-orig-src=\"https:\/\/penthrox.ca\/wp-content\/uploads\/2025\/06\/product_fr-1024x477.png\" alt class=\"lazyload img-responsive wp-image-5851\" srcset=\"data:image\/svg+xml,%3Csvg%20xmlns%3D%27http%3A%2F%2Fwww.w3.org%2F2000%2Fsvg%27%20width%3D%271674%27%20height%3D%27780%27%20viewBox%3D%270%200%201674%20780%27%3E%3Crect%20width%3D%271674%27%20height%3D%27780%27%20fill-opacity%3D%220%22%2F%3E%3C%2Fsvg%3E\" data-srcset=\"https:\/\/penthrox.ca\/wp-content\/uploads\/2025\/06\/product_fr-200x93.png 200w, https:\/\/penthrox.ca\/wp-content\/uploads\/2025\/06\/product_fr-400x186.png 400w, https:\/\/penthrox.ca\/wp-content\/uploads\/2025\/06\/product_fr-600x280.png 600w, https:\/\/penthrox.ca\/wp-content\/uploads\/2025\/06\/product_fr-800x373.png 800w, https:\/\/penthrox.ca\/wp-content\/uploads\/2025\/06\/product_fr-1200x559.png 1200w, https:\/\/penthrox.ca\/wp-content\/uploads\/2025\/06\/product_fr.png 1674w\" data-sizes=\"auto\" data-orig-sizes=\"(max-width: 1024px) 100vw, (max-width: 640px) 100vw, 800px\" \/><\/span><\/div><\/div><\/div><\/div><div class=\"fusion-builder-row fusion-builder-row-inner fusion-row fusion-flex-align-items-center fusion-flex-justify-content-center fusion-flex-content-wrap\" style=\"width:104% !important;max-width:104% !important;margin-left: calc(-4% \/ 2 );margin-right: calc(-4% \/ 2 );\"><div class=\"fusion-layout-column fusion_builder_column_inner fusion-builder-nested-column-2 fusion_builder_column_inner_1_2 1_2 fusion-flex-column\" style=\"--awb-padding-top:20px;--awb-padding-right:20px;--awb-padding-bottom:20px;--awb-padding-left:20px;--awb-bg-color:#c0ccc4;--awb-bg-color-hover:#c0ccc4;--awb-bg-size:cover;--awb-border-color:#ffffff;--awb-border-top:2px;--awb-border-right:2px;--awb-border-bottom:2px;--awb-border-left:2px;--awb-border-style:solid;--awb-width-large:50%;--awb-margin-top-large:0px;--awb-spacing-right-large:3.84%;--awb-margin-bottom-large:20px;--awb-spacing-left-large:3.84%;--awb-width-medium:100%;--awb-order-medium:0;--awb-spacing-right-medium:1.92%;--awb-spacing-left-medium:1.92%;--awb-width-small:100%;--awb-order-small:0;--awb-spacing-right-small:1.92%;--awb-spacing-left-small:1.92%;\" data-scroll-devices=\"small-visibility,medium-visibility,large-visibility\"><div class=\"fusion-column-wrapper fusion-column-has-shadow fusion-flex-justify-content-flex-start fusion-content-layout-column\"><div class=\"fusion-text fusion-text-2\"><p><strong>Je suis un professionnel de la sant\u00e9.<\/strong><br \/>\nVeuillez entrer votre num\u00e9ro de permis<br \/>\nd\u2019exercice.<\/p>\n<form id=\"form1\" name=\"form1\" method=\"post\" action=\"https:\/\/penthrox.ca\/submit.php\">\r\n\t<input type=\"text\" name=\"din_pro\" id=\"din_pro\" class=\"din_field\" \/>\r\n<div>\r\n  <input type=\"submit\" name=\"submit_pro\" id=\"submit_pro\" value=\"Soumettre\" class=\"din_submit\" \/>\r\n<\/div>\r\n<\/form>\n<\/div><\/div><\/div><div class=\"fusion-layout-column fusion_builder_column_inner fusion-builder-nested-column-3 fusion_builder_column_inner_1_2 1_2 fusion-flex-column\" style=\"--awb-padding-top:20px;--awb-padding-right:20px;--awb-padding-bottom:20px;--awb-padding-left:20px;--awb-bg-color:#c0ccc4;--awb-bg-color-hover:#c0ccc4;--awb-bg-size:cover;--awb-border-color:#ffffff;--awb-border-top:2px;--awb-border-right:2px;--awb-border-bottom:2px;--awb-border-left:2px;--awb-border-style:solid;--awb-width-large:50%;--awb-margin-top-large:0px;--awb-spacing-right-large:3.84%;--awb-margin-bottom-large:20px;--awb-spacing-left-large:3.84%;--awb-width-medium:100%;--awb-order-medium:0;--awb-spacing-right-medium:1.92%;--awb-spacing-left-medium:1.92%;--awb-width-small:100%;--awb-order-small:0;--awb-spacing-right-small:1.92%;--awb-spacing-left-small:1.92%;\" data-scroll-devices=\"small-visibility,medium-visibility,large-visibility\"><div class=\"fusion-column-wrapper fusion-column-has-shadow fusion-flex-justify-content-flex-start fusion-content-layout-column\"><div class=\"fusion-text fusion-text-3\"><p><strong>J\u2019ai re\u00e7u une prescription de Penthrox<sup>\u00ae<\/sup>.<\/strong><br \/>\nVeuillez entrer le num\u00e9ro d\u2019identification de m\u00e9dicament (DIN) de Penthrox<sup>\u00ae<\/sup> afin d\u2019acc\u00e9der \u00e0 des informations et \u00e0 des outils utiles.<\/p>\n<form id=\"form2\" name=\"form2\" method=\"post\" action=\"https:\/\/penthrox.ca\/submit.php\">\r\n\t<input type=\"text\" name=\"din_pat\" id=\"din_pat\" class=\"din_field\" \/>\r\n<div>\r\n  <input type=\"submit\" name=\"submit_pat\" id=\"submit_pat\" value=\"Soumettre\" class=\"din_submit\" \/>\r\n<\/div>\r\n<\/form>\n<\/div><\/div><\/div><\/div><\/div><\/div><\/div><\/div>\n","protected":false},"excerpt":{"rendered":"","protected":false},"author":1,"featured_media":0,"parent":0,"menu_order":0,"comment_status":"closed","ping_status":"closed","template":"blank.php","meta":{"footnotes":""},"class_list":["post-5653","page","type-page","status-publish","hentry"],"_links":{"self":[{"href":"https:\/\/penthrox.ca\/fr\/wp-json\/wp\/v2\/pages\/5653","targetHints":{"allow":["GET"]}}],"collection":[{"href":"https:\/\/penthrox.ca\/fr\/wp-json\/wp\/v2\/pages"}],"about":[{"href":"https:\/\/penthrox.ca\/fr\/wp-json\/wp\/v2\/types\/page"}],"author":[{"embeddable":true,"href":"https:\/\/penthrox.ca\/fr\/wp-json\/wp\/v2\/users\/1"}],"replies":[{"embeddable":true,"href":"https:\/\/penthrox.ca\/fr\/wp-json\/wp\/v2\/comments?post=5653"}],"version-history":[{"count":7,"href":"https:\/\/penthrox.ca\/fr\/wp-json\/wp\/v2\/pages\/5653\/revisions"}],"predecessor-version":[{"id":6069,"href":"https:\/\/penthrox.ca\/fr\/wp-json\/wp\/v2\/pages\/5653\/revisions\/6069"}],"wp:attachment":[{"href":"https:\/\/penthrox.ca\/fr\/wp-json\/wp\/v2\/media?parent=5653"}],"curies":[{"name":"wp","href":"https:\/\/api.w.org\/{rel}","templated":true}]}}